{"id":1336,"date":"2021-09-13T15:17:50","date_gmt":"2021-09-13T15:17:50","guid":{"rendered":"https:\/\/pc.gbts.com.mx\/?page_id=1336"},"modified":"2022-03-31T21:06:09","modified_gmt":"2022-03-31T21:06:09","slug":"aviso-de-privacidad","status":"publish","type":"page","link":"https:\/\/silpaq-web-dev.gbls.com.mx\/?page_id=1336","title":{"rendered":"Aviso de privacidad"},"content":{"rendered":"\t\t<div data-elementor-type=\"wp-page\" data-elementor-id=\"1336\" class=\"elementor elementor-1336\">\n\t\t\t\t\t\t<section class=\"elementor-section elementor-top-section elementor-element elementor-element-7b2b491 elementor-section-full_width elementor-section-stretched elementor-section-height-default elementor-section-height-default\" data-id=\"7b2b491\" data-element_type=\"section\" data-settings=\"{&quot;stretch_section&quot;:&quot;section-stretched&quot;,&quot;background_background&quot;:&quot;gradient&quot;}\">\n\t\t\t\t\t\t\t<div class=\"elementor-background-overlay\"><\/div>\n\t\t\t\t\t\t\t<div class=\"elementor-container elementor-column-gap-default\">\n\t\t\t\t\t<div class=\"elementor-column elementor-col-50 elementor-top-column elementor-element elementor-element-6fbff58 elementor-invisible\" data-id=\"6fbff58\" data-element_type=\"column\" data-settings=\"{&quot;animation&quot;:&quot;fadeIn&quot;,&quot;background_background&quot;:&quot;classic&quot;}\">\n\t\t\t<div class=\"elementor-widget-wrap elementor-element-populated\">\n\t\t\t\t\t\t<div class=\"elementor-element elementor-element-bc41355 elementor-widget elementor-widget-heading\" data-id=\"bc41355\" data-element_type=\"widget\" data-widget_type=\"heading.default\">\n\t\t\t\t<div class=\"elementor-widget-container\">\n\t\t\t\t\t<h2 class=\"elementor-heading-title elementor-size-default\">Aviso de Privacidad<\/h2>\t\t\t\t<\/div>\n\t\t\t\t<\/div>\n\t\t\t\t<div class=\"elementor-element elementor-element-c0cc0a2 elementor-widget elementor-widget-heading\" data-id=\"c0cc0a2\" data-element_type=\"widget\" data-widget_type=\"heading.default\">\n\t\t\t\t<div class=\"elementor-widget-container\">\n\t\t\t\t\t<h4 class=\"elementor-heading-title elementor-size-default\">Postal Center<\/h4>\t\t\t\t<\/div>\n\t\t\t\t<\/div>\n\t\t\t\t\t<\/div>\n\t\t<\/div>\n\t\t\t\t<div class=\"elementor-column elementor-col-50 elementor-top-column elementor-element elementor-element-74220d3 elementor-invisible\" data-id=\"74220d3\" data-element_type=\"column\" data-settings=\"{&quot;animation&quot;:&quot;fadeIn&quot;}\">\n\t\t\t<div class=\"elementor-widget-wrap elementor-element-populated\">\n\t\t\t\t\t\t<div class=\"elementor-element elementor-element-01737ab elementor-invisible elementor-widget elementor-widget-image\" data-id=\"01737ab\" data-element_type=\"widget\" data-settings=\"{&quot;_animation&quot;:&quot;slideInUp&quot;}\" data-widget_type=\"image.default\">\n\t\t\t\t<div class=\"elementor-widget-container\">\n\t\t\t\t\t\t\t\t\t\t\t\t\t\t\t<img fetchpriority=\"high\" decoding=\"async\" width=\"1024\" height=\"735\" src=\"https:\/\/silpaq-web-dev.gbls.com.mx\/wp-content\/uploads\/2021\/03\/banner-quiienes-somos7-1024x735.png\" class=\"attachment-large size-large wp-image-568\" alt=\"\" srcset=\"https:\/\/silpaq-web-dev.gbls.com.mx\/wp-content\/uploads\/2021\/03\/banner-quiienes-somos7-1024x735.png 1024w, https:\/\/silpaq-web-dev.gbls.com.mx\/wp-content\/uploads\/2021\/03\/banner-quiienes-somos7-300x215.png 300w, https:\/\/silpaq-web-dev.gbls.com.mx\/wp-content\/uploads\/2021\/03\/banner-quiienes-somos7-768x551.png 768w, https:\/\/silpaq-web-dev.gbls.com.mx\/wp-content\/uploads\/2021\/03\/banner-quiienes-somos7-204x146.png 204w, https:\/\/silpaq-web-dev.gbls.com.mx\/wp-content\/uploads\/2021\/03\/banner-quiienes-somos7-50x36.png 50w, https:\/\/silpaq-web-dev.gbls.com.mx\/wp-content\/uploads\/2021\/03\/banner-quiienes-somos7-105x75.png 105w, https:\/\/silpaq-web-dev.gbls.com.mx\/wp-content\/uploads\/2021\/03\/banner-quiienes-somos7.png 1309w\" sizes=\"(max-width: 1024px) 100vw, 1024px\" \/>\t\t\t\t\t\t\t\t\t\t\t\t\t\t\t<\/div>\n\t\t\t\t<\/div>\n\t\t\t\t\t<\/div>\n\t\t<\/div>\n\t\t\t\t\t<\/div>\n\t\t<\/section>\n\t\t\t\t<section class=\"elementor-section elementor-top-section elementor-element elementor-element-2a133eb elementor-section-stretched elementor-section-boxed elementor-section-height-default elementor-section-height-default\" data-id=\"2a133eb\" data-element_type=\"section\" data-settings=\"{&quot;stretch_section&quot;:&quot;section-stretched&quot;,&quot;background_background&quot;:&quot;classic&quot;}\">\n\t\t\t\t\t\t<div class=\"elementor-container elementor-column-gap-default\">\n\t\t\t\t\t<div class=\"elementor-column elementor-col-100 elementor-top-column elementor-element elementor-element-c75eb50\" data-id=\"c75eb50\" data-element_type=\"column\">\n\t\t\t<div class=\"elementor-widget-wrap elementor-element-populated\">\n\t\t\t\t\t\t<section class=\"elementor-section elementor-inner-section elementor-element elementor-element-8516b95 elementor-section-boxed elementor-section-height-default elementor-section-height-default\" data-id=\"8516b95\" data-element_type=\"section\">\n\t\t\t\t\t\t<div class=\"elementor-container elementor-column-gap-default\">\n\t\t\t\t\t<div class=\"elementor-column elementor-col-100 elementor-inner-column elementor-element elementor-element-9811b7d\" data-id=\"9811b7d\" data-element_type=\"column\" data-settings=\"{&quot;background_background&quot;:&quot;classic&quot;}\">\n\t\t\t<div class=\"elementor-widget-wrap elementor-element-populated\">\n\t\t\t\t\t\t<div class=\"elementor-element elementor-element-2842fe7 elementor-widget elementor-widget-text-editor\" data-id=\"2842fe7\" data-element_type=\"widget\" data-widget_type=\"text-editor.default\">\n\t\t\t\t<div class=\"elementor-widget-container\">\n\t\t\t\t\t\t\t\t\t<div><b>\u201cPostal Center, Sociedad An\u00f3nima de Capital Variable\u201d<\/b><span style=\"letter-spacing: 0px;\">; conocido como<\/span><b style=\"letter-spacing: 0px;\">&gt;Postal Center\u00ae&lt;<\/b><span style=\"letter-spacing: 0px;\">y por su p\u00e1gina web silpaq-web-dev.gbls.com.mx y que para efectos del presente\u00a0<\/span><b style=\"letter-spacing: 0px;\">Aviso de Privacidad\u00a0<\/b><span style=\"letter-spacing: 0px;\">ser\u00e1 identificado como\u00a0<\/span><b style=\"letter-spacing: 0px;\">-Postal Center\u00ae.<\/b><\/div><p>En cumplimiento y acorde a la Ley Federal de Protecci\u00f3n de Datos Personales en Posesi\u00f3n de los Particulares o por sus iniciales LFPDPPP y su Reglamento le enteramos el presente documento para dar debido cumplimiento de conocimiento del destino y uso de sus Datos Personales y conozca como ejercer sus derechos a la Autodeterminaci\u00f3n informativa; Privacidad y Protecci\u00f3n de dichos datos personales.<\/p><p><strong>De Nosotros.-<br \/><\/strong>Postal Center\u00ae es una persona moral mercantil, que realiza su labor de intermediaci\u00f3n de servicios de paqueter\u00eda y mensajer\u00eda con cobertura nacional e internacional.<br \/>Nuestro aviso de privacidad est\u00e1 disponible a la vista al p\u00fablico en nuestras oficinas y sucursales ubicadas en la <strong>Calle XXXXXX n\u00famero XX, Col. San Francisco, entre Ave. Paseo de la Reforma y Arroyo del Tigre esquina, C\u00f3digo Postal 87350. H. Matamoros, Tamaulipas. M\u00e9xico <\/strong>o su domicilio fiscal ubicado en el mismo lugar Calle XXXXXX n\u00famero XX, Col. San Francisco, entre Ave. Paseo de la Reforma y Arroyo del Tigre esquina, C\u00f3digo Postal 87350. H. Matamoros, Tamaulipas. M\u00e9xico. En nuestra p\u00e1gina web silpaq-web-dev.gbls.com.mx y puede escucharlo \u00edntegramente v\u00eda telef\u00f3nica llamando al n\u00famero: (868) XXXXX y (868) XXXXXX y solicit\u00e1ndolo v\u00eda correo electr\u00f3nico correo@ con el asunto de =Ver Aviso de Privacidad.=<\/p><p><strong>De sus Datos Personales.-<br \/><\/strong>Son solicitados los siguientes: <br \/>PARA REGISTRO Y ACTUALIZACI\u00d3N DE PERFIL DE USUARIO: <br \/>Primer nombre \/ Segundo nombre \/ Primer apellido \/ Segundo apellido \/ Correo electr\u00f3nico \/ Usuario.<br \/>PARA ENV\u00cdO DE PAQUETER\u00cdA Y MENSAJER\u00cdA: Datos de remitente y destinatario: Nombre completo y sin abreviaturas \/ Domicilio calle, n\u00famero exterior e interior, entre las calles, colonia, c\u00f3digo postal, ciudad, poblado, municipio y entidad federativa. Datos de Contacto: N\u00famero telef\u00f3nico fijo, m\u00f3vil y correo electr\u00f3nico.<br \/>NO SOLICITAMOS DATOS SENSIBLES NI FINANCIEROS.<\/p><p><strong>Uso y Destino de sus Datos Personales.-<br \/><\/strong>Ser\u00e1n utilizados \u00fanica y exclusivamente para la relaci\u00f3n establecida entre Postal Center\u00ae y el proveedor de datos personales como Usuario(a) de la plataforma web silpaq-web-dev.gbls.com.mx<br \/>Los datos de destinatario son utilizados para la generaci\u00f3n de guias de paqueter\u00eda y mensajer\u00eda y entrega en su destino final. <strong><br \/>Sus Datos de Contacto;<\/strong> Ser\u00e1n utilizados para brindar avisos, notificaciones, promociones, beneficios y actualizaciones en los T\u00e9rminos y Condiciones de Uso as\u00ed como en el Contrato de Prestaci\u00f3n de Intermediaci\u00f3n, avisos y actualizaciones de su env\u00edo y guia de paqueter\u00eda y mensajer\u00eda, avisos, notificaciones y requerimientos formales solicitados por terceros autorizados como autoridades y Marca de Paqueter\u00eda y Mensajer\u00eda.<\/p><p><strong>Publicidad de sus Datos Personales.-<br \/><\/strong>Sus datos personales podr\u00e1n ser visibles por mensajeros(as) y empleados de paqueter\u00eda, destinatario y receptor en el domicilio de destino y solo en lo m\u00ednimamente indispensable para llevar a cabos dicho servicio de paqueter\u00eda y mensajer\u00eda.<br \/>Sus datos pueden ser solicitados y obtenidos por autoridades cuando en funci\u00f3n de sus atribuciones los soliciten y justifiquen, motiven y fundamenten su requerimiento.<\/p><p><strong>Datos No Solicitados.-<br \/><\/strong>Postal Center\u00ae, ni su personal, en ning\u00fan caso y por ning\u00fan motivo, solicitan, ni solicitar\u00e1n Datos Sensibles ni Datos Financieros o Patrimoniales; Los primeros son aquellos relacionados con su salud, estado f\u00edsico, padecimientos m\u00e9dicos, emocionales o psicol\u00f3gicos y aquellos que afecten la esfera m\u00e1s \u00edntima del titular o cuyo uso indebido pueda dar origen a discriminaci\u00f3n racial, \u00e9tnica, sexual, religiosa, filos\u00f3fica, sindical, pol\u00edtica, educativa o cualquier otra y aquellos datos financieros relacionados con detalles bancarios, datos y detalles de p\u00f3lizas de seguros, tipo y cantidad de seguros que cuenta, cont\u00f3 o piensa contratar en el futuro, informaci\u00f3n crediticia, cantidad de cuentas bancarias que utilice, n\u00famero de cuenta bancaria, clabes interbancarias, contrase\u00f1as, n\u00famero de tarjetas bancarias, claves personales, tokens o llaves de acceso personal o relacionados con datos financieros y bancarios.<\/p><p><strong>Datos como m\u00e9todo de pago.-<br \/><\/strong>Postal Center\u00ae NO es responsable del sistema de pagos, para ello delega a un tercero autorizado por el sistema financiero mexicano a fin de cumplir y completar formularios de pago. Postal Center\u00ae NO recaba ni conserva informaci\u00f3n de pago, m\u00e9todo o tarjetas bancarias.<\/p><p><strong>Transferencias de Datos Personales.-<br \/><\/strong>En ning\u00fan caso www.Postalcenter.com.mx transferir\u00e1, compartir\u00e1 ni publicar\u00e1 datos personales, de ubicaci\u00f3n f\u00edsica, de contacto y alg\u00fan otro dato personal.<\/p><p><strong>Mecanismo para la suspensi\u00f3n del uso de sus Datos Personales.-<br \/><\/strong>En cualquier momento y por cualquier medio de contacto con Postal Center\u00ae, \u00e9l o la usuario(a) pueden contactar con \u00e9l responsable de la conservaci\u00f3n de los datos personales, \u00e9l o la propietario de sus datos personales podr\u00e1 solicitar la suspensi\u00f3n o negar proporcionar cualquier uso u otorgamiento de sus datos personales, incluyendo los de ubicaci\u00f3n f\u00edsica y de contacto. As\u00ed como de los datos de sus destinatarios.<\/p><p><strong>Datos de forma Automatizada.-<br \/><\/strong>Postal Center\u00ae, podr\u00eda solicitar y recabar datos personales de manera electr\u00f3nica a trav\u00e9s de formularios virtuales que cuenten con grado de seguridad alto y garanticen la confidencialidad de las respuestas enviadas.<\/p><p><strong>Derechos ARCO.-<br \/><\/strong>El titular de los datos personal podr\u00e1 en todo momento ejercer sus Derechos ARCO, identificados como Acceso, Rectificaci\u00f3n, Cancelaci\u00f3n y\/o Oposici\u00f3n de los datos recabados. Para hacerlo se pondr\u00e1 en contacto con Postal Center\u00ae a trav\u00e9s de los medios f\u00edsicos, electr\u00f3nicos, auditivos y cualquier otro a su alcance, debiendo precisar de manera clara y determinada los datos personales sobre los que desea ejercer sus Derechos ARCO.<\/p><p>Toda solicitud de Acceso, Rectificaci\u00f3n, Cancelaci\u00f3n u Oposici\u00f3n; deber\u00e1 contener y acompa\u00f1ar, adem\u00e1s de la informaci\u00f3n descrita en los art\u00edculos 29 y 31 de la Ley, la siguiente: I. El nombre del titular de los datos personales. <br \/>II. El domicilio o medio que desee para que podamos comunicarle la respuesta a su solicitud, pues de no hacerlo Postal Center\u00ae, tendr\u00e1 por no presentada la solicitud, dejando constancia de ello, de conformidad con el art\u00edculo 94 del Reglamento de la LFPDPPP. III. Los documentos que acrediten la identidad del titular o en el caso de que se solicite por medio de alg\u00fan representante, los documentos que acrediten tambi\u00e9n la identidad del representante y la existencia de la representaci\u00f3n, de conformidad y con los par\u00e1metros establecidos en el art\u00edculo 89 del Reglamento. IV. La descripci\u00f3n clara y precisa de los datos personales respecto de los cuales se pretende ejercer alguno de los derechos antes mencionados. V. Cualquier otro elemento o documento que facilite la localizaci\u00f3n de los datos personales. VI. En el caso de solicitudes de rectificaci\u00f3n de datos personales, deber\u00e1 indicar las modificaciones a realizarse y aportar la documentaci\u00f3n que sustente su petici\u00f3n. VII. El medio de reproducci\u00f3n en que desea le sea entregada la informaci\u00f3n o datos personales solicitados.<br \/>El registro de solicitudes; el requerimiento de informaci\u00f3n adicional; los plazos dentro del procedimiento, la ampliaci\u00f3n de dichos plazos y la respuesta por parte de Postal Center\u00ae; as\u00ed como el acceso a los datos personales en sitio se regir\u00e1n de conformidad con lo establecido en los art\u00edculos 30, 32, 33, 34 y 35 de la Ley y 95, 96, 97, 98 y 99 del Reglamento de la LFPDPPP.<\/p><p><strong>Revocaci\u00f3n de Uso de sus Datos Personales.-<br \/><\/strong>Usted podr\u00e1 en cualquier momento avisar su deseo de Revocaci\u00f3n de Uso de sus Datos Personales y los dem\u00e1s proporcionados a Postal Center\u00ae, para lo cual deber\u00e1 hacerlo de manera clara, respetuosa y acreditar ser el titular de los datos objeto de la revocaci\u00f3n de manera indubitable.<\/p><p><strong>Conservaci\u00f3n y Resguardo de sus Datos Personales.-<br \/><\/strong>Los Datos Personales y dem\u00e1s detallados en el presente Aviso de Privacidad, as\u00ed como la documentaci\u00f3n que contenga estos, se conservar\u00e1n celosamente en el domicilio detallado en el apartado de \u201cResponsabilidad y Contacto\u201d. Por lo que Postal Center\u00ae atendiendo a la preocupaci\u00f3n del uso y destino de sus Datos Personales, ha creado e implementado las siguientes medidas y precauciones de seguridad: 1.-Creaci\u00f3n de mecanismos que establecen la gesti\u00f3n, soporte y revisi\u00f3n de la seguridad de la informaci\u00f3n a nivel organizacional, as\u00ed como la identificaci\u00f3n y clasificaci\u00f3n de la informaci\u00f3n; 2.-Nuestro personal recibe formaci\u00f3n y capacitaci\u00f3n respecto del tema de protecci\u00f3n de datos personales; 3.-Se han implementado mecanismos que previenen el acceso no autorizado, el da\u00f1o o interferencia a las instalaciones f\u00edsicas de Postal Center\u00ae, contratando un sistema de seguridad est\u00e1ndar, los equipos que contienen o almacenan datos personales reciben un constante mantenimiento con el fin de asegurar la disponibilidad, funcionalidad e integridad del equipo.<\/p><p><strong>Responsabilidad y Contacto.-<br \/><\/strong>Titular y Responsable de Uso y Conservaci\u00f3n de sus Datos Personales: info@<\/p><p>Tel\u00e9fono: (868) 8145501<\/p>\t\t\t\t\t\t\t\t<\/div>\n\t\t\t\t<\/div>\n\t\t\t\t\t<\/div>\n\t\t<\/div>\n\t\t\t\t\t<\/div>\n\t\t<\/section>\n\t\t\t\t\t<\/div>\n\t\t<\/div>\n\t\t\t\t\t<\/div>\n\t\t<\/section>\n\t\t\t\t<\/div>\n\t\t","protected":false},"excerpt":{"rendered":"<p>Aviso de Privacidad Postal Center \u201cPostal Center, Sociedad An\u00f3nima de Capital Variable\u201d; conocido como&gt;Postal Center\u00ae&lt;y por su p\u00e1gina web silpaq-web-dev.gbls.com.mx y que para efectos del presente\u00a0Aviso<span class=\"excerpt-hellip\"> [\u2026]<\/span><\/p>\n","protected":false},"author":1,"featured_media":0,"parent":0,"menu_order":0,"comment_status":"closed","ping_status":"closed","template":"","meta":{"footnotes":""},"class_list":["post-1336","page","type-page","status-publish","hentry"],"yoast_head":"<!-- This site is optimized with the Yoast SEO plugin v26.6 - https:\/\/yoast.com\/wordpress\/plugins\/seo\/ -->\n<title>Aviso de privacidad - Postal Center<\/title>\n<meta name=\"robots\" content=\"index, follow, max-snippet:-1, max-image-preview:large, max-video-preview:-1\" \/>\n<link rel=\"canonical\" href=\"https:\/\/silpaq-web-dev.gbls.com.mx\/?page_id=1336\" \/>\n<meta property=\"og:locale\" content=\"es_MX\" \/>\n<meta property=\"og:type\" content=\"article\" \/>\n<meta property=\"og:title\" content=\"Aviso de privacidad - Postal Center\" \/>\n<meta property=\"og:description\" content=\"Aviso de Privacidad Postal Center \u201cPostal Center, Sociedad An\u00f3nima de Capital Variable\u201d; conocido como&gt;Postal Center\u00ae&lt;y por su p\u00e1gina web silpaq-web-dev.gbls.com.mx y que para efectos del presente\u00a0Aviso [\u2026]\" \/>\n<meta property=\"og:url\" content=\"https:\/\/silpaq-web-dev.gbls.com.mx\/?page_id=1336\" \/>\n<meta property=\"og:site_name\" content=\"Postal Center\" \/>\n<meta property=\"article:modified_time\" content=\"2022-03-31T21:06:09+00:00\" \/>\n<meta property=\"og:image\" content=\"https:\/\/postal3.wpengine.com\/wp-content\/uploads\/2021\/03\/banner-quiienes-somos7-1024x735.png\" \/>\n<meta name=\"twitter:card\" content=\"summary_large_image\" \/>\n<meta name=\"twitter:label1\" content=\"Tiempo de lectura\" \/>\n\t<meta name=\"twitter:data1\" content=\"7 minutos\" \/>\n<script type=\"application\/ld+json\" class=\"yoast-schema-graph\">{\"@context\":\"https:\/\/schema.org\",\"@graph\":[{\"@type\":\"WebPage\",\"@id\":\"https:\/\/silpaq-web-dev.gbls.com.mx\/?page_id=1336\",\"url\":\"https:\/\/silpaq-web-dev.gbls.com.mx\/?page_id=1336\",\"name\":\"Aviso de privacidad - Postal Center\",\"isPartOf\":{\"@id\":\"https:\/\/silpaq-web-dev.gbls.com.mx\/#website\"},\"primaryImageOfPage\":{\"@id\":\"https:\/\/silpaq-web-dev.gbls.com.mx\/?page_id=1336#primaryimage\"},\"image\":{\"@id\":\"https:\/\/silpaq-web-dev.gbls.com.mx\/?page_id=1336#primaryimage\"},\"thumbnailUrl\":\"https:\/\/postal3.wpengine.com\/wp-content\/uploads\/2021\/03\/banner-quiienes-somos7-1024x735.png\",\"datePublished\":\"2021-09-13T15:17:50+00:00\",\"dateModified\":\"2022-03-31T21:06:09+00:00\",\"breadcrumb\":{\"@id\":\"https:\/\/silpaq-web-dev.gbls.com.mx\/?page_id=1336#breadcrumb\"},\"inLanguage\":\"es\",\"potentialAction\":[{\"@type\":\"ReadAction\",\"target\":[\"https:\/\/silpaq-web-dev.gbls.com.mx\/?page_id=1336\"]}]},{\"@type\":\"ImageObject\",\"inLanguage\":\"es\",\"@id\":\"https:\/\/silpaq-web-dev.gbls.com.mx\/?page_id=1336#primaryimage\",\"url\":\"https:\/\/postal3.wpengine.com\/wp-content\/uploads\/2021\/03\/banner-quiienes-somos7-1024x735.png\",\"contentUrl\":\"https:\/\/postal3.wpengine.com\/wp-content\/uploads\/2021\/03\/banner-quiienes-somos7-1024x735.png\"},{\"@type\":\"BreadcrumbList\",\"@id\":\"https:\/\/silpaq-web-dev.gbls.com.mx\/?page_id=1336#breadcrumb\",\"itemListElement\":[{\"@type\":\"ListItem\",\"position\":1,\"name\":\"Inicio\",\"item\":\"https:\/\/silpaq-web-dev.gbls.com.mx\/\"},{\"@type\":\"ListItem\",\"position\":2,\"name\":\"Aviso de privacidad\"}]},{\"@type\":\"WebSite\",\"@id\":\"https:\/\/silpaq-web-dev.gbls.com.mx\/#website\",\"url\":\"https:\/\/silpaq-web-dev.gbls.com.mx\/\",\"name\":\"Postal Center\",\"description\":\"Soluci\u00f3n a tus necesidades de mensajer\u00eda con las mejores empresas.\",\"publisher\":{\"@id\":\"https:\/\/silpaq-web-dev.gbls.com.mx\/#organization\"},\"potentialAction\":[{\"@type\":\"SearchAction\",\"target\":{\"@type\":\"EntryPoint\",\"urlTemplate\":\"https:\/\/silpaq-web-dev.gbls.com.mx\/?s={search_term_string}\"},\"query-input\":{\"@type\":\"PropertyValueSpecification\",\"valueRequired\":true,\"valueName\":\"search_term_string\"}}],\"inLanguage\":\"es\"},{\"@type\":\"Organization\",\"@id\":\"https:\/\/silpaq-web-dev.gbls.com.mx\/#organization\",\"name\":\"Postal Center\",\"url\":\"https:\/\/silpaq-web-dev.gbls.com.mx\/\",\"logo\":{\"@type\":\"ImageObject\",\"inLanguage\":\"es\",\"@id\":\"https:\/\/silpaq-web-dev.gbls.com.mx\/#\/schema\/logo\/image\/\",\"url\":\"https:\/\/silpaq-web-dev.gbls.com.mx\/wp-content\/uploads\/2021\/02\/postalRecurso-1.png\",\"contentUrl\":\"https:\/\/silpaq-web-dev.gbls.com.mx\/wp-content\/uploads\/2021\/02\/postalRecurso-1.png\",\"width\":1936,\"height\":598,\"caption\":\"Postal Center\"},\"image\":{\"@id\":\"https:\/\/silpaq-web-dev.gbls.com.mx\/#\/schema\/logo\/image\/\"}}]}<\/script>\n<!-- \/ Yoast SEO plugin. -->","yoast_head_json":{"title":"Aviso de privacidad - Postal Center","robots":{"index":"index","follow":"follow","max-snippet":"max-snippet:-1","max-image-preview":"max-image-preview:large","max-video-preview":"max-video-preview:-1"},"canonical":"https:\/\/silpaq-web-dev.gbls.com.mx\/?page_id=1336","og_locale":"es_MX","og_type":"article","og_title":"Aviso de privacidad - Postal Center","og_description":"Aviso de Privacidad Postal Center \u201cPostal Center, Sociedad An\u00f3nima de Capital Variable\u201d; conocido como&gt;Postal Center\u00ae&lt;y por su p\u00e1gina web silpaq-web-dev.gbls.com.mx y que para efectos del presente\u00a0Aviso [\u2026]","og_url":"https:\/\/silpaq-web-dev.gbls.com.mx\/?page_id=1336","og_site_name":"Postal Center","article_modified_time":"2022-03-31T21:06:09+00:00","og_image":[{"url":"https:\/\/postal3.wpengine.com\/wp-content\/uploads\/2021\/03\/banner-quiienes-somos7-1024x735.png","type":"","width":"","height":""}],"twitter_card":"summary_large_image","twitter_misc":{"Tiempo de lectura":"7 minutos"},"schema":{"@context":"https:\/\/schema.org","@graph":[{"@type":"WebPage","@id":"https:\/\/silpaq-web-dev.gbls.com.mx\/?page_id=1336","url":"https:\/\/silpaq-web-dev.gbls.com.mx\/?page_id=1336","name":"Aviso de privacidad - Postal Center","isPartOf":{"@id":"https:\/\/silpaq-web-dev.gbls.com.mx\/#website"},"primaryImageOfPage":{"@id":"https:\/\/silpaq-web-dev.gbls.com.mx\/?page_id=1336#primaryimage"},"image":{"@id":"https:\/\/silpaq-web-dev.gbls.com.mx\/?page_id=1336#primaryimage"},"thumbnailUrl":"https:\/\/postal3.wpengine.com\/wp-content\/uploads\/2021\/03\/banner-quiienes-somos7-1024x735.png","datePublished":"2021-09-13T15:17:50+00:00","dateModified":"2022-03-31T21:06:09+00:00","breadcrumb":{"@id":"https:\/\/silpaq-web-dev.gbls.com.mx\/?page_id=1336#breadcrumb"},"inLanguage":"es","potentialAction":[{"@type":"ReadAction","target":["https:\/\/silpaq-web-dev.gbls.com.mx\/?page_id=1336"]}]},{"@type":"ImageObject","inLanguage":"es","@id":"https:\/\/silpaq-web-dev.gbls.com.mx\/?page_id=1336#primaryimage","url":"https:\/\/postal3.wpengine.com\/wp-content\/uploads\/2021\/03\/banner-quiienes-somos7-1024x735.png","contentUrl":"https:\/\/postal3.wpengine.com\/wp-content\/uploads\/2021\/03\/banner-quiienes-somos7-1024x735.png"},{"@type":"BreadcrumbList","@id":"https:\/\/silpaq-web-dev.gbls.com.mx\/?page_id=1336#breadcrumb","itemListElement":[{"@type":"ListItem","position":1,"name":"Inicio","item":"https:\/\/silpaq-web-dev.gbls.com.mx\/"},{"@type":"ListItem","position":2,"name":"Aviso de privacidad"}]},{"@type":"WebSite","@id":"https:\/\/silpaq-web-dev.gbls.com.mx\/#website","url":"https:\/\/silpaq-web-dev.gbls.com.mx\/","name":"Postal Center","description":"Soluci\u00f3n a tus necesidades de mensajer\u00eda con las mejores empresas.","publisher":{"@id":"https:\/\/silpaq-web-dev.gbls.com.mx\/#organization"},"potentialAction":[{"@type":"SearchAction","target":{"@type":"EntryPoint","urlTemplate":"https:\/\/silpaq-web-dev.gbls.com.mx\/?s={search_term_string}"},"query-input":{"@type":"PropertyValueSpecification","valueRequired":true,"valueName":"search_term_string"}}],"inLanguage":"es"},{"@type":"Organization","@id":"https:\/\/silpaq-web-dev.gbls.com.mx\/#organization","name":"Postal Center","url":"https:\/\/silpaq-web-dev.gbls.com.mx\/","logo":{"@type":"ImageObject","inLanguage":"es","@id":"https:\/\/silpaq-web-dev.gbls.com.mx\/#\/schema\/logo\/image\/","url":"https:\/\/silpaq-web-dev.gbls.com.mx\/wp-content\/uploads\/2021\/02\/postalRecurso-1.png","contentUrl":"https:\/\/silpaq-web-dev.gbls.com.mx\/wp-content\/uploads\/2021\/02\/postalRecurso-1.png","width":1936,"height":598,"caption":"Postal Center"},"image":{"@id":"https:\/\/silpaq-web-dev.gbls.com.mx\/#\/schema\/logo\/image\/"}}]}},"_links":{"self":[{"href":"https:\/\/silpaq-web-dev.gbls.com.mx\/index.php?rest_route=\/wp\/v2\/pages\/1336","targetHints":{"allow":["GET"]}}],"collection":[{"href":"https:\/\/silpaq-web-dev.gbls.com.mx\/index.php?rest_route=\/wp\/v2\/pages"}],"about":[{"href":"https:\/\/silpaq-web-dev.gbls.com.mx\/index.php?rest_route=\/wp\/v2\/types\/page"}],"author":[{"embeddable":true,"href":"https:\/\/silpaq-web-dev.gbls.com.mx\/index.php?rest_route=\/wp\/v2\/users\/1"}],"replies":[{"embeddable":true,"href":"https:\/\/silpaq-web-dev.gbls.com.mx\/index.php?rest_route=%2Fwp%2Fv2%2Fcomments&post=1336"}],"version-history":[{"count":0,"href":"https:\/\/silpaq-web-dev.gbls.com.mx\/index.php?rest_route=\/wp\/v2\/pages\/1336\/revisions"}],"wp:attachment":[{"href":"https:\/\/silpaq-web-dev.gbls.com.mx\/index.php?rest_route=%2Fwp%2Fv2%2Fmedia&parent=1336"}],"curies":[{"name":"wp","href":"https:\/\/api.w.org\/{rel}","templated":true}]}}